{"id":4554,"date":"2022-08-20T16:15:47","date_gmt":"2022-08-20T16:15:47","guid":{"rendered":"https:\/\/www.diputadosmorena.org.mx\/diputados\/?page_id=4554"},"modified":"2022-12-01T22:25:28","modified_gmt":"2022-12-01T22:25:28","slug":"home","status":"publish","type":"page","link":"https:\/\/www.diputadosmorena.org.mx\/diputados\/","title":{"rendered":"Home"},"content":{"rendered":"\t\t<div data-elementor-type=\"wp-page\" data-elementor-id=\"4554\" class=\"elementor elementor-4554\">\n\t\t\t\t\t\t\t<div class=\"elementor-element elementor-element-8d1599a e-container--column e-container\" data-id=\"8d1599a\" data-element_type=\"container\">\t\t<div class=\"elementor-element elementor-element-50bb3c4 e-container--column e-container\" data-id=\"50bb3c4\" data-element_type=\"container\" data-settings=\"{&quot;background_background&quot;:&quot;classic&quot;}\">\t\t<div class=\"elementor-element elementor-element-794b2a8 e-container--column e-container\" data-id=\"794b2a8\" data-element_type=\"container\">\t\t\t\t<div class=\"elementor-element elementor-element-71c1c0e elementor-vertical-align-middle elementor-position-top elementor-widget elementor-widget-image-box\" data-id=\"71c1c0e\" data-element_type=\"widget\" data-widget_type=\"image-box.default\">\n\t\t\t\t<div class=\"elementor-widget-container\">\n\t\t\t<style>\/*! elementor - v3.7.8 - 02-10-2022 *\/\n.elementor-widget-image-box .elementor-image-box-content{width:100%}@media (min-width:768px){.elementor-widget-image-box.elementor-position-left .elementor-image-box-wrapper,.elementor-widget-image-box.elementor-position-right .elementor-image-box-wrapper{display:-webkit-box;display:-ms-flexbox;display:flex}.elementor-widget-image-box.elementor-position-right .elementor-image-box-wrapper{text-align:right;-webkit-box-orient:horizontal;-webkit-box-direction:reverse;-ms-flex-direction:row-reverse;flex-direction:row-reverse}.elementor-widget-image-box.elementor-position-left .elementor-image-box-wrapper{text-align:left;-webkit-box-orient:horizontal;-webkit-box-direction:normal;-ms-flex-direction:row;flex-direction:row}.elementor-widget-image-box.elementor-position-top .elementor-image-box-img{margin:auto}.elementor-widget-image-box.elementor-vertical-align-top .elementor-image-box-wrapper{-webkit-box-align:start;-ms-flex-align:start;align-items:flex-start}.elementor-widget-image-box.elementor-vertical-align-middle .elementor-image-box-wrapper{-webkit-box-align:center;-ms-flex-align:center;align-items:center}.elementor-widget-image-box.elementor-vertical-align-bottom .elementor-image-box-wrapper{-webkit-box-align:end;-ms-flex-align:end;align-items:flex-end}}@media (max-width:767px){.elementor-widget-image-box .elementor-image-box-img{margin-left:auto!important;margin-right:auto!important;margin-bottom:15px}}.elementor-widget-image-box .elementor-image-box-img{display:inline-block}.elementor-widget-image-box .elementor-image-box-title a{color:inherit}.elementor-widget-image-box .elementor-image-box-wrapper{text-align:center}.elementor-widget-image-box .elementor-image-box-description{margin:0}<\/style><div class=\"elementor-image-box-wrapper\"><figure class=\"elementor-image-box-img\"><img width=\"300\" height=\"130\" src=\"https:\/\/www.diputadosmorena.org.mx\/diputados\/wp-content\/uploads\/2022\/08\/logo_blanco.svg\" class=\"attachment-full size-full\" alt=\"\" loading=\"lazy\" \/><\/figure><\/div>\t\t<\/div>\n\t\t\t\t<\/div>\n\t\t<\/div><\/div><\/div>\t\t<section class=\"elementor-section elementor-top-section elementor-element elementor-element-316352b9 ct-section-stretched elementor-section-boxed elementor-section-height-default elementor-section-height-default\" data-id=\"316352b9\" data-element_type=\"section\">\n\t\t\t\t\t\t<div class=\"elementor-container elementor-column-gap-wide\">\n\t\t\t\t\t<div class=\"elementor-column elementor-col-100 elementor-top-column elementor-element elementor-element-293899c0\" data-id=\"293899c0\" data-element_type=\"column\">\n\t\t\t<div class=\"elementor-widget-wrap elementor-element-populated\">\n\t\t\t\t\t\t\t\t<div class=\"elementor-element elementor-element-3384440f elementor-grid-5 eael-fg-card-content-align-center elementor-grid-tablet-2 elementor-grid-mobile-1 elementor-widget elementor-widget-eael-filterable-gallery\" data-id=\"3384440f\" data-element_type=\"widget\" data-settings=\"{&quot;pagination&quot;:&quot;yes&quot;,&quot;columns&quot;:&quot;5&quot;,&quot;columns_tablet&quot;:&quot;2&quot;,&quot;columns_mobile&quot;:&quot;1&quot;}\" data-widget_type=\"eael-filterable-gallery.default\">\n\t\t\t\t<div class=\"elementor-widget-container\">\n\t\t\t        <div id=\"eael-filter-gallery-wrapper-3384440f\" class=\"eael-filter-gallery-wrapper\" data-layout-mode=\"card\" data-mfp_caption=\"\">\n            \n                        <div class=\"eael-filter-gallery-control\">\n                <ul><li data-load-more-status=\"0\" data-first-init=\"1\" class=\"control all-control active\" data-filter=\"*\">Todos<\/li><li data-load-more-status=\"0\" data-first-init=\"0\" class=\"control \" data-filter=\".eael-cf-baja-california\">BAJA CALIFORNIA<\/li><li data-load-more-status=\"0\" data-first-init=\"0\" class=\"control \" data-filter=\".eael-cf-baja-california-sur\">BAJA CALIFORNIA SUR<\/li><li data-load-more-status=\"0\" data-first-init=\"0\" class=\"control \" data-filter=\".eael-cf-campeche\">CAMPECHE<\/li><li data-load-more-status=\"0\" data-first-init=\"0\" class=\"control \" data-filter=\".eael-cf-chiapas\">CHIAPAS<\/li><li data-load-more-status=\"0\" data-first-init=\"0\" class=\"control \" data-filter=\".eael-cf-chihuahua\">CHIHUAHUA<\/li><li data-load-more-status=\"0\" data-first-init=\"0\" class=\"control \" data-filter=\".eael-cf-coahuila\">COAHUILA<\/li><li data-load-more-status=\"0\" data-first-init=\"0\" class=\"control \" data-filter=\".eael-cf-colima\">COLIMA<\/li><li data-load-more-status=\"0\" data-first-init=\"0\" class=\"control \" data-filter=\".eael-cf-cdmx\">CDMX<\/li><li data-load-more-status=\"0\" data-first-init=\"0\" class=\"control \" data-filter=\".eael-cf-durango\">DURANGO<\/li><li data-load-more-status=\"0\" data-first-init=\"0\" class=\"control \" data-filter=\".eael-cf-estado-de-m\u00c3\u0089xico\">ESTADO DE M\u00c9XICO<\/li><li data-load-more-status=\"0\" data-first-init=\"0\" class=\"control \" data-filter=\".eael-cf-guanajuato\">GUANAJUATO<\/li><li data-load-more-status=\"0\" data-first-init=\"0\" class=\"control \" data-filter=\".eael-cf-guerrero\">GUERRERO<\/li><li data-load-more-status=\"0\" data-first-init=\"0\" class=\"control \" data-filter=\".eael-cf-hidalgo\">HIDALGO<\/li><li data-load-more-status=\"0\" data-first-init=\"0\" class=\"control \" data-filter=\".eael-cf-jalisco\">JALISCO<\/li><li data-load-more-status=\"0\" data-first-init=\"0\" class=\"control \" data-filter=\".eael-cf-michoac\u00c3\u0081n\">MICHOAC\u00c1N<\/li><li data-load-more-status=\"0\" data-first-init=\"0\" class=\"control \" data-filter=\".eael-cf-morelos\">MORELOS<\/li><li data-load-more-status=\"0\" data-first-init=\"0\" class=\"control \" data-filter=\".eael-cf-nayarit\">NAYARIT<\/li><li data-load-more-status=\"0\" data-first-init=\"0\" class=\"control \" data-filter=\".eael-cf-nuevo-le\u00c3\u0093n\">NUEVO LE\u00d3N<\/li><li data-load-more-status=\"0\" data-first-init=\"0\" class=\"control \" data-filter=\".eael-cf-oaxaca\">OAXACA<\/li><li data-load-more-status=\"0\" data-first-init=\"0\" class=\"control \" data-filter=\".eael-cf-quer\u00c3\u0089taro\">QUER\u00c9TARO<\/li><li data-load-more-status=\"0\" data-first-init=\"0\" class=\"control \" data-filter=\".eael-cf-puebla\">PUEBLA<\/li><li data-load-more-status=\"0\" data-first-init=\"0\" class=\"control \" data-filter=\".eael-cf-quer\u00c3\u0089taro\">QUER\u00c9TARO<\/li><li data-load-more-status=\"0\" data-first-init=\"0\" class=\"control \" data-filter=\".eael-cf-quintana-roo\">QUINTANA ROO<\/li><li data-load-more-status=\"0\" data-first-init=\"0\" class=\"control \" data-filter=\".eael-cf-san-luis-potos\u00c3\u008d\">SAN LUIS POTOS\u00cd<\/li><li data-load-more-status=\"0\" data-first-init=\"0\" class=\"control \" data-filter=\".eael-cf-sinaloa\">SINALOA<\/li><li data-load-more-status=\"0\" data-first-init=\"0\" class=\"control \" data-filter=\".eael-cf-sonora\">SONORA<\/li><li data-load-more-status=\"0\" data-first-init=\"0\" class=\"control \" data-filter=\".eael-cf-tabasco\">TABASCO<\/li><li data-load-more-status=\"0\" data-first-init=\"0\" class=\"control \" data-filter=\".eael-cf-tamaulipas\">TAMAULIPAS<\/li><li data-load-more-status=\"0\" data-first-init=\"0\" class=\"control \" data-filter=\".eael-cf-tlaxcala\">TLAXCALA<\/li><li data-load-more-status=\"0\" data-first-init=\"0\" class=\"control \" data-filter=\".eael-cf-veracruz\">VERACRUZ<\/li><li data-load-more-status=\"0\" data-first-init=\"0\" class=\"control \" data-filter=\".eael-cf-yucat\u00c3\u0081n\">YUCAT\u00c1N<\/li><li data-load-more-status=\"0\" data-first-init=\"0\" class=\"control \" data-filter=\".eael-cf-zacatecas\">ZACATECAS<\/li><\/ul>\n            <\/div>\n            \n            <div class=\"eael-filter-gallery-container eael-filter-gallery-grid\" data-images-per-page=\"10\" data-total-gallery-items=\"5\" data-nomore-item-text=\"\u00a1No hay m\u00e1s elementos!\" data-settings=\"{&quot;grid_style&quot;:&quot;grid&quot;,&quot;popup&quot;:&quot;media&quot;,&quot;duration&quot;:500,&quot;gallery_enabled&quot;:&quot;&quot;,&quot;post_id&quot;:4554,&quot;widget_id&quot;:&quot;3384440f&quot;}\" data-gallery-items=\"[&quot;\\u003Cdiv class=\\u0022eael-filterable-gallery-item-wrap eael-cf-cdmx\\u0022\\u003E\\n\\t\\t\\t\\t\\u003Cdiv class=\\u0022eael-gallery-grid-item\\u0022\\u003E\\u003Ca href=\\u0022https:\\\/\\\/www.diputadosmorena.org.mx\\\/diputados\\\/wp-content\\\/uploads\\\/2022\\\/11\\\/ALEIDAAR_BANNER_3.jpg\\u0022 class=\\u0022eael-magnific-link media-content-wrap\\u0022 data-elementor-open-lightbox=\\u0022no\\u0022\\u003E\\u003Ca href=\\u0022https:\\\/\\\/www.diputadosmorena.org.mx\\\/diputados\\\/aleida-alavez\\\/\\u0022 target=\\u0022_blank\\u0022\\u003E\\u003Cdiv class=\\u0022gallery-item-thumbnail-wrap\\u0022\\u003E\\u003Cimg src=\\u0022https:\\\/\\\/www.diputadosmorena.org.mx\\\/diputados\\\/wp-content\\\/uploads\\\/2022\\\/11\\\/ALEIDAAR_BANNER_3.jpg\\u0022 data-lazy-src=\\u0022https:\\\/\\\/www.diputadosmorena.org.mx\\\/diputados\\\/wp-content\\\/uploads\\\/2022\\\/11\\\/ALEIDAAR_BANNER_3.jpg\\u0022 alt=\\u0022\\u0022 class=\\u0022gallery-item-thumbnail\\u0022\\u003E\\u003C\\\/div\\u003E\\u003C\\\/a\\u003E\\u003Cdiv class=\\u0022gallery-item-caption-wrap caption-style-card \\u0022\\u003E\\u003Cdiv class=\\u0022gallery-item-caption-over\\u0022\\u003E\\u003Ch6 class=\\u0022fg-item-title\\u0022\\u003EDip. Aleida Alavez Ruiz\\u003C\\\/h6\\u003E\\u003C\\\/div\\u003E\\u003C\\\/div\\u003E\\u003C\\\/a\\u003E\\u003C\\\/a\\u003E\\u003C\\\/a\\u003E\\u003C\\\/div\\u003E\\u003C\\\/div\\u003E&quot;,&quot;\\u003Cdiv class=\\u0022eael-filterable-gallery-item-wrap eael-cf-puebla\\u0022\\u003E\\n\\t\\t\\t\\t\\u003Cdiv class=\\u0022eael-gallery-grid-item\\u0022\\u003E\\u003Ca href=\\u0022https:\\\/\\\/www.diputadosmorena.org.mx\\\/diputados\\\/wp-content\\\/uploads\\\/2022\\\/12\\\/IGNACIOM_BANNER_3.jpg\\u0022 class=\\u0022eael-magnific-link media-content-wrap\\u0022 data-elementor-open-lightbox=\\u0022no\\u0022\\u003E\\u003Ca href=\\u0022http:\\\/\\\/nachomier.org\\\/\\u0022 target=\\u0022_blank\\u0022\\u003E\\u003Cdiv class=\\u0022gallery-item-thumbnail-wrap\\u0022\\u003E\\u003Cimg src=\\u0022https:\\\/\\\/www.diputadosmorena.org.mx\\\/diputados\\\/wp-content\\\/uploads\\\/2022\\\/12\\\/IGNACIOM_BANNER_3.jpg\\u0022 data-lazy-src=\\u0022https:\\\/\\\/www.diputadosmorena.org.mx\\\/diputados\\\/wp-content\\\/uploads\\\/2022\\\/12\\\/IGNACIOM_BANNER_3.jpg\\u0022 alt=\\u0022\\u0022 class=\\u0022gallery-item-thumbnail\\u0022\\u003E\\u003C\\\/div\\u003E\\u003C\\\/a\\u003E\\u003Cdiv class=\\u0022gallery-item-caption-wrap caption-style-card \\u0022\\u003E\\u003Cdiv class=\\u0022gallery-item-caption-over\\u0022\\u003E\\u003Ch6 class=\\u0022fg-item-title\\u0022\\u003EDip. Mois\u00e9s Ignacio Mier Velazco\\u003C\\\/h6\\u003E\\u003C\\\/div\\u003E\\u003C\\\/div\\u003E\\u003C\\\/a\\u003E\\u003C\\\/a\\u003E\\u003C\\\/a\\u003E\\u003C\\\/div\\u003E\\u003C\\\/div\\u003E&quot;,&quot;\\u003Cdiv class=\\u0022eael-filterable-gallery-item-wrap eael-cf-michoac\u00c3\u0081n\\u0022\\u003E\\n\\t\\t\\t\\t\\u003Cdiv class=\\u0022eael-gallery-grid-item\\u0022\\u003E\\u003Ca href=\\u0022https:\\\/\\\/www.diputadosmorena.org.mx\\\/diputados\\\/wp-content\\\/uploads\\\/2022\\\/12\\\/GODOY_BANNER_2.jpg\\u0022 class=\\u0022eael-magnific-link media-content-wrap\\u0022 data-elementor-open-lightbox=\\u0022no\\u0022\\u003E\\u003Ca href=\\u0022https:\\\/\\\/www.diputadosmorena.org.mx\\\/diputados\\\/leonel-godoy\\\/\\u0022 target=\\u0022_blank\\u0022\\u003E\\u003Cdiv class=\\u0022gallery-item-thumbnail-wrap\\u0022\\u003E\\u003Cimg src=\\u0022https:\\\/\\\/www.diputadosmorena.org.mx\\\/diputados\\\/wp-content\\\/uploads\\\/2022\\\/12\\\/GODOY_BANNER_2.jpg\\u0022 data-lazy-src=\\u0022https:\\\/\\\/www.diputadosmorena.org.mx\\\/diputados\\\/wp-content\\\/uploads\\\/2022\\\/12\\\/GODOY_BANNER_2.jpg\\u0022 alt=\\u0022\\u0022 class=\\u0022gallery-item-thumbnail\\u0022\\u003E\\u003C\\\/div\\u003E\\u003C\\\/a\\u003E\\u003Cdiv class=\\u0022gallery-item-caption-wrap caption-style-card \\u0022\\u003E\\u003Cdiv class=\\u0022gallery-item-caption-over\\u0022\\u003E\\u003Ch6 class=\\u0022fg-item-title\\u0022\\u003EDip. Leonel Godoy Rangel\\u003C\\\/h6\\u003E\\u003C\\\/div\\u003E\\u003C\\\/div\\u003E\\u003C\\\/a\\u003E\\u003C\\\/a\\u003E\\u003C\\\/a\\u003E\\u003C\\\/div\\u003E\\u003C\\\/div\\u003E&quot;,&quot;\\u003Cdiv class=\\u0022eael-filterable-gallery-item-wrap eael-cf-oaxaca\\u0022\\u003E\\n\\t\\t\\t\\t\\u003Cdiv class=\\u0022eael-gallery-grid-item\\u0022\\u003E\\u003Ca href=\\u0022https:\\\/\\\/www.diputadosmorena.org.mx\\\/diputados\\\/wp-content\\\/uploads\\\/2022\\\/12\\\/CAROLA_BANNER_2.jpg\\u0022 class=\\u0022eael-magnific-link media-content-wrap\\u0022 data-elementor-open-lightbox=\\u0022no\\u0022\\u003E\\u003Ca href=\\u0022https:\\\/\\\/www.diputadosmorena.org.mx\\\/diputados\\\/carol-altamirano\\\/\\u0022 target=\\u0022_blank\\u0022\\u003E\\u003Cdiv class=\\u0022gallery-item-thumbnail-wrap\\u0022\\u003E\\u003Cimg src=\\u0022https:\\\/\\\/www.diputadosmorena.org.mx\\\/diputados\\\/wp-content\\\/uploads\\\/2022\\\/12\\\/CAROLA_BANNER_2.jpg\\u0022 data-lazy-src=\\u0022https:\\\/\\\/www.diputadosmorena.org.mx\\\/diputados\\\/wp-content\\\/uploads\\\/2022\\\/12\\\/CAROLA_BANNER_2.jpg\\u0022 alt=\\u0022\\u0022 class=\\u0022gallery-item-thumbnail\\u0022\\u003E\\u003C\\\/div\\u003E\\u003C\\\/a\\u003E\\u003Cdiv class=\\u0022gallery-item-caption-wrap caption-style-card \\u0022\\u003E\\u003Cdiv class=\\u0022gallery-item-caption-over\\u0022\\u003E\\u003Ch6 class=\\u0022fg-item-title\\u0022\\u003EDip. Carol Antonio Altamirano\\u003C\\\/h6\\u003E\\u003C\\\/div\\u003E\\u003C\\\/div\\u003E\\u003C\\\/a\\u003E\\u003C\\\/a\\u003E\\u003C\\\/a\\u003E\\u003C\\\/div\\u003E\\u003C\\\/div\\u003E&quot;,&quot;\\u003Cdiv class=\\u0022eael-filterable-gallery-item-wrap eael-cf-chiapas\\u0022\\u003E\\n\\t\\t\\t\\t\\u003Cdiv class=\\u0022eael-gallery-grid-item\\u0022\\u003E\\u003Ca href=\\u0022https:\\\/\\\/www.diputadosmorena.org.mx\\\/diputados\\\/wp-content\\\/uploads\\\/2022\\\/12\\\/PATRICIAARMENDARIZ_BANNER_2.jpg\\u0022 class=\\u0022eael-magnific-link media-content-wrap\\u0022 data-elementor-open-lightbox=\\u0022no\\u0022\\u003E\\u003Ca href=\\u0022https:\\\/\\\/www.diputadosmorena.org.mx\\\/diputados\\\/carmen-armendariz\\\/\\u0022 target=\\u0022_blank\\u0022\\u003E\\u003Cdiv class=\\u0022gallery-item-thumbnail-wrap\\u0022\\u003E\\u003Cimg src=\\u0022https:\\\/\\\/www.diputadosmorena.org.mx\\\/diputados\\\/wp-content\\\/uploads\\\/2022\\\/12\\\/PATRICIAARMENDARIZ_BANNER_2.jpg\\u0022 data-lazy-src=\\u0022https:\\\/\\\/www.diputadosmorena.org.mx\\\/diputados\\\/wp-content\\\/uploads\\\/2022\\\/12\\\/PATRICIAARMENDARIZ_BANNER_2.jpg\\u0022 alt=\\u0022\\u0022 class=\\u0022gallery-item-thumbnail\\u0022\\u003E\\u003C\\\/div\\u003E\\u003C\\\/a\\u003E\\u003Cdiv class=\\u0022gallery-item-caption-wrap caption-style-card \\u0022\\u003E\\u003Cdiv class=\\u0022gallery-item-caption-over\\u0022\\u003E\\u003Ch6 class=\\u0022fg-item-title\\u0022\\u003EDip. Carmen P. Armend\u00e1riz Guerra\\u003C\\\/h6\\u003E\\u003C\\\/div\\u003E\\u003C\\\/div\\u003E\\u003C\\\/a\\u003E\\u003C\\\/a\\u003E\\u003C\\\/a\\u003E\\u003C\\\/div\\u003E\\u003C\\\/div\\u003E&quot;]\" data-init-show=\"202\">\n                <div class=\"eael-filterable-gallery-item-wrap eael-cf-cdmx\">\n\t\t\t\t<div class=\"eael-gallery-grid-item\"><a href=\"https:\/\/www.diputadosmorena.org.mx\/diputados\/wp-content\/uploads\/2022\/11\/ALEIDAAR_BANNER_3.jpg\" class=\"eael-magnific-link media-content-wrap\" data-elementor-open-lightbox=\"no\"><a href=\"https:\/\/www.diputadosmorena.org.mx\/diputados\/aleida-alavez\/\" target=\"_blank\"><div class=\"gallery-item-thumbnail-wrap\"><img src=\"https:\/\/www.diputadosmorena.org.mx\/diputados\/wp-content\/uploads\/2022\/11\/ALEIDAAR_BANNER_3.jpg\" data-lazy-src=\"https:\/\/www.diputadosmorena.org.mx\/diputados\/wp-content\/uploads\/2022\/11\/ALEIDAAR_BANNER_3.jpg\" alt=\"\" class=\"gallery-item-thumbnail\"><\/div><\/a><div class=\"gallery-item-caption-wrap caption-style-card \"><div class=\"gallery-item-caption-over\"><h6 class=\"fg-item-title\">Dip. Aleida Alavez Ruiz<\/h6><\/div><\/div><\/a><\/a><\/a><\/div><\/div><div class=\"eael-filterable-gallery-item-wrap eael-cf-puebla\">\n\t\t\t\t<div class=\"eael-gallery-grid-item\"><a href=\"https:\/\/www.diputadosmorena.org.mx\/diputados\/wp-content\/uploads\/2022\/12\/IGNACIOM_BANNER_3.jpg\" class=\"eael-magnific-link media-content-wrap\" data-elementor-open-lightbox=\"no\"><a href=\"http:\/\/nachomier.org\/\" target=\"_blank\"><div class=\"gallery-item-thumbnail-wrap\"><img src=\"https:\/\/www.diputadosmorena.org.mx\/diputados\/wp-content\/uploads\/2022\/12\/IGNACIOM_BANNER_3.jpg\" data-lazy-src=\"https:\/\/www.diputadosmorena.org.mx\/diputados\/wp-content\/uploads\/2022\/12\/IGNACIOM_BANNER_3.jpg\" alt=\"\" class=\"gallery-item-thumbnail\"><\/div><\/a><div class=\"gallery-item-caption-wrap caption-style-card \"><div class=\"gallery-item-caption-over\"><h6 class=\"fg-item-title\">Dip. Mois\u00e9s Ignacio Mier Velazco<\/h6><\/div><\/div><\/a><\/a><\/a><\/div><\/div><div class=\"eael-filterable-gallery-item-wrap eael-cf-michoac\u00c3\u0081n\">\n\t\t\t\t<div class=\"eael-gallery-grid-item\"><a href=\"https:\/\/www.diputadosmorena.org.mx\/diputados\/wp-content\/uploads\/2022\/12\/GODOY_BANNER_2.jpg\" class=\"eael-magnific-link media-content-wrap\" data-elementor-open-lightbox=\"no\"><a href=\"https:\/\/www.diputadosmorena.org.mx\/diputados\/leonel-godoy\/\" target=\"_blank\"><div class=\"gallery-item-thumbnail-wrap\"><img src=\"https:\/\/www.diputadosmorena.org.mx\/diputados\/wp-content\/uploads\/2022\/12\/GODOY_BANNER_2.jpg\" data-lazy-src=\"https:\/\/www.diputadosmorena.org.mx\/diputados\/wp-content\/uploads\/2022\/12\/GODOY_BANNER_2.jpg\" alt=\"\" class=\"gallery-item-thumbnail\"><\/div><\/a><div class=\"gallery-item-caption-wrap caption-style-card \"><div class=\"gallery-item-caption-over\"><h6 class=\"fg-item-title\">Dip. Leonel Godoy Rangel<\/h6><\/div><\/div><\/a><\/a><\/a><\/div><\/div><div class=\"eael-filterable-gallery-item-wrap eael-cf-oaxaca\">\n\t\t\t\t<div class=\"eael-gallery-grid-item\"><a href=\"https:\/\/www.diputadosmorena.org.mx\/diputados\/wp-content\/uploads\/2022\/12\/CAROLA_BANNER_2.jpg\" class=\"eael-magnific-link media-content-wrap\" data-elementor-open-lightbox=\"no\"><a href=\"https:\/\/www.diputadosmorena.org.mx\/diputados\/carol-altamirano\/\" target=\"_blank\"><div class=\"gallery-item-thumbnail-wrap\"><img src=\"https:\/\/www.diputadosmorena.org.mx\/diputados\/wp-content\/uploads\/2022\/12\/CAROLA_BANNER_2.jpg\" data-lazy-src=\"https:\/\/www.diputadosmorena.org.mx\/diputados\/wp-content\/uploads\/2022\/12\/CAROLA_BANNER_2.jpg\" alt=\"\" class=\"gallery-item-thumbnail\"><\/div><\/a><div class=\"gallery-item-caption-wrap caption-style-card \"><div class=\"gallery-item-caption-over\"><h6 class=\"fg-item-title\">Dip. Carol Antonio Altamirano<\/h6><\/div><\/div><\/a><\/a><\/a><\/div><\/div><div class=\"eael-filterable-gallery-item-wrap eael-cf-chiapas\">\n\t\t\t\t<div class=\"eael-gallery-grid-item\"><a href=\"https:\/\/www.diputadosmorena.org.mx\/diputados\/wp-content\/uploads\/2022\/12\/PATRICIAARMENDARIZ_BANNER_2.jpg\" class=\"eael-magnific-link media-content-wrap\" data-elementor-open-lightbox=\"no\"><a href=\"https:\/\/www.diputadosmorena.org.mx\/diputados\/carmen-armendariz\/\" target=\"_blank\"><div class=\"gallery-item-thumbnail-wrap\"><img src=\"https:\/\/www.diputadosmorena.org.mx\/diputados\/wp-content\/uploads\/2022\/12\/PATRICIAARMENDARIZ_BANNER_2.jpg\" data-lazy-src=\"https:\/\/www.diputadosmorena.org.mx\/diputados\/wp-content\/uploads\/2022\/12\/PATRICIAARMENDARIZ_BANNER_2.jpg\" alt=\"\" class=\"gallery-item-thumbnail\"><\/div><\/a><div class=\"gallery-item-caption-wrap caption-style-card \"><div class=\"gallery-item-caption-over\"><h6 class=\"fg-item-title\">Dip. Carmen P. Armend\u00e1riz Guerra<\/h6><\/div><\/div><\/a><\/a><\/a><\/div><\/div>            <\/div>\n            \n                        <div class=\"eael-filterable-gallery-loadmore\">\n                <a href=\"#\" class=\"eael-gallery-load-more elementor-button elementor-size-xs\">\n                    <span class=\"eael-btn-loader\"><\/span>\n                                        <span class=\"eael-filterable-gallery-load-more-text\">\n                        Cargar m\u00e1s                    <\/span>\n                                                                                                        <span class=\"eael-filterable-gallery-load-more-icon fg-load-more-icon-right \" aria-hidden=\"true\"><\/span>\n                                                                                        <\/a>\n            <\/div>\n                <\/div>\n        \n        \t\t<\/div>\n\t\t\t\t<\/div>\n\t\t\t\t\t<\/div>\n\t\t<\/div>\n\t\t\t\t\t\t\t<\/div>\n\t\t<\/section>\n\t\t\t\t\t\t\t<\/div>\n\t\t","protected":false},"excerpt":{"rendered":"<p>Todos BAJA CALIFORNIA BAJA CALIFORNIA SUR CAMPECHE CHIAPAS CHIHUAHUA COAHUILA COLIMA CDMX DURANGO ESTADO DE M\u00c9XICO GUANAJUATO GUERRERO HIDALGO JALISCO MICHOAC\u00c1N MORELOS NAYARIT NUEVO LE\u00d3N OAXACA QUER\u00c9TARO PUEBLA QUER\u00c9TARO QUINTANA ROO SAN LUIS POTOS\u00cd SINALOA SONORA TABASCO TAMAULIPAS TLAXCALA VERACRUZ YUCAT\u00c1N ZACATECAS Dip. Aleida Alavez Ruiz Dip. Mois\u00e9s Ignacio Mier Velazco Dip. Leonel Godoy Rangel Dip. Carol Antonio Altamirano Dip. Carmen P. Armend\u00e1riz Guerra Cargar m\u00e1s<\/p>\n","protected":false},"author":1,"featured_media":0,"parent":0,"menu_order":0,"comment_status":"closed","ping_status":"closed","template":"elementor_theme","meta":[],"blocksy_meta":{"styles_descriptor":{"styles":{"desktop":"","tablet":"","mobile":""},"google_fonts":[],"version":5}},"_links":{"self":[{"href":"https:\/\/www.diputadosmorena.org.mx\/diputados\/wp-json\/wp\/v2\/pages\/4554"}],"collection":[{"href":"https:\/\/www.diputadosmorena.org.mx\/diputados\/wp-json\/wp\/v2\/pages"}],"about":[{"href":"https:\/\/www.diputadosmorena.org.mx\/diputados\/wp-json\/wp\/v2\/types\/page"}],"author":[{"embeddable":true,"href":"https:\/\/www.diputadosmorena.org.mx\/diputados\/wp-json\/wp\/v2\/users\/1"}],"replies":[{"embeddable":true,"href":"https:\/\/www.diputadosmorena.org.mx\/diputados\/wp-json\/wp\/v2\/comments?post=4554"}],"version-history":[{"count":118,"href":"https:\/\/www.diputadosmorena.org.mx\/diputados\/wp-json\/wp\/v2\/pages\/4554\/revisions"}],"predecessor-version":[{"id":4860,"href":"https:\/\/www.diputadosmorena.org.mx\/diputados\/wp-json\/wp\/v2\/pages\/4554\/revisions\/4860"}],"wp:attachment":[{"href":"https:\/\/www.diputadosmorena.org.mx\/diputados\/wp-json\/wp\/v2\/media?parent=4554"}],"curies":[{"name":"wp","href":"https:\/\/api.w.org\/{rel}","templated":true}]}}